{"id":12308,"date":"2024-08-06T12:41:14","date_gmt":"2024-08-06T10:41:14","guid":{"rendered":"https:\/\/plasmahealingcenter.com\/?page_id=12308"},"modified":"2025-10-07T11:50:12","modified_gmt":"2025-10-07T09:50:12","slug":"o-mnie","status":"publish","type":"page","link":"https:\/\/plasmahealingcenter.com\/en\/o-mnie\/","title":{"rendered":"O mnie"},"content":{"rendered":"<div data-elementor-type=\"wp-page\" data-elementor-id=\"12308\" class=\"elementor elementor-12308\">\n\t\t\t\t\t\t\t<div class=\"elementor-element elementor-element-0d44b06 e-flex e-con-boxed e-con\" data-id=\"0d44b06\" data-element_type=\"container\" data-settings=\"{&quot;content_width&quot;:&quot;boxed&quot;}\">\n\t\t\t\t\t<div class=\"e-con-inner\">\n\t\t\t\t<div class=\"elementor-element elementor-element-a8b6242 elementor-widget elementor-widget-spacer\" data-id=\"a8b6242\" data-element_type=\"widget\" data-widget_type=\"spacer.default\">\n\t\t\t\t<div class=\"elementor-widget-container\">\n\t\t\t<style>\/*! elementor - v3.14.0 - 18-06-2023 *\/\n.elementor-column .elementor-spacer-inner{height:var(--spacer-size)}.e-con{--container-widget-width:100%}.e-con-inner>.elementor-widget-spacer,.e-con>.elementor-widget-spacer{width:var(--container-widget-width,var(--spacer-size));--align-self:var(--container-widget-align-self,initial);--flex-shrink:0}.e-con-inner>.elementor-widget-spacer>.elementor-widget-container,.e-con-inner>.elementor-widget-spacer>.elementor-widget-container>.elementor-spacer,.e-con>.elementor-widget-spacer>.elementor-widget-container,.e-con>.elementor-widget-spacer>.elementor-widget-container>.elementor-spacer{height:100%}.e-con-inner>.elementor-widget-spacer>.elementor-widget-container>.elementor-spacer>.elementor-spacer-inner,.e-con>.elementor-widget-spacer>.elementor-widget-container>.elementor-spacer>.elementor-spacer-inner{height:var(--container-widget-height,var(--spacer-size))}<\/style>\t\t<div class=\"elementor-spacer\">\n\t\t\t<div class=\"elementor-spacer-inner\"><\/div>\n\t\t<\/div>\n\t\t\t\t<\/div>\n\t\t\t\t<\/div>\n\t\t\t\t<div class=\"elementor-element elementor-element-ae58171 elementor-widget elementor-widget-heading\" data-id=\"ae58171\" data-element_type=\"widget\" data-widget_type=\"heading.default\">\n\t\t\t\t<div class=\"elementor-widget-container\">\n\t\t\t<style>\/*! elementor - v3.14.0 - 18-06-2023 *\/\n.elementor-heading-title{padding:0;margin:0;line-height:1}.elementor-widget-heading .elementor-heading-title[class*=elementor-size-]>a{color:inherit;font-size:inherit;line-height:inherit}.elementor-widget-heading .elementor-heading-title.elementor-size-small{font-size:15px}.elementor-widget-heading .elementor-heading-title.elementor-size-medium{font-size:19px}.elementor-widget-heading .elementor-heading-title.elementor-size-large{font-size:29px}.elementor-widget-heading .elementor-heading-title.elementor-size-xl{font-size:39px}.elementor-widget-heading .elementor-heading-title.elementor-size-xxl{font-size:59px}<\/style><h2 class=\"elementor-heading-title elementor-size-default\">O mnie<\/h2>\t\t<\/div>\n\t\t\t\t<\/div>\n\t\t\t\t<div class=\"elementor-element elementor-element-bfc8d17 elementor-widget elementor-widget-spacer\" data-id=\"bfc8d17\" data-element_type=\"widget\" data-widget_type=\"spacer.default\">\n\t\t\t\t<div class=\"elementor-widget-container\">\n\t\t\t\t\t<div class=\"elementor-spacer\">\n\t\t\t<div class=\"elementor-spacer-inner\"><\/div>\n\t\t<\/div>\n\t\t\t\t<\/div>\n\t\t\t\t<\/div>\n\t\t\t\t\t<\/div>\n\t\t\t\t<\/div>\n\t\t<div class=\"elementor-element elementor-element-3b1d4bf e-flex e-con-boxed e-con\" data-id=\"3b1d4bf\" data-element_type=\"container\" data-settings=\"{&quot;content_width&quot;:&quot;boxed&quot;}\">\n\t\t\t\t\t<div class=\"e-con-inner\">\n\t\t\t\t<div class=\"elementor-element elementor-element-bf8f44c elementor-widget elementor-widget-spacer\" data-id=\"bf8f44c\" data-element_type=\"widget\" data-widget_type=\"spacer.default\">\n\t\t\t\t<div class=\"elementor-widget-container\">\n\t\t\t\t\t<div class=\"elementor-spacer\">\n\t\t\t<div class=\"elementor-spacer-inner\"><\/div>\n\t\t<\/div>\n\t\t\t\t<\/div>\n\t\t\t\t<\/div>\n\t\t\t\t\t<\/div>\n\t\t\t\t<\/div>\n\t\t<div class=\"elementor-element elementor-element-4702a98 e-flex e-con-boxed e-con\" data-id=\"4702a98\" data-element_type=\"container\" data-settings=\"{&quot;content_width&quot;:&quot;boxed&quot;}\">\n\t\t\t\t\t<div class=\"e-con-inner\">\n\t\t<div class=\"elementor-element elementor-element-e03dd60 e-con-full e-flex e-con\" data-id=\"e03dd60\" data-element_type=\"container\" data-settings=\"{&quot;content_width&quot;:&quot;full&quot;}\">\n\t\t\t\t<div class=\"elementor-element elementor-element-4ab216e elementor-widget elementor-widget-text-editor\" data-id=\"4ab216e\" data-element_type=\"widget\" data-widget_type=\"text-editor.default\">\n\t\t\t\t<div class=\"elementor-widget-container\">\n\t\t\t<style>\/*! elementor - v3.14.0 - 18-06-2023 *\/\n.elementor-widget-text-editor.elementor-drop-cap-view-stacked .elementor-drop-cap{background-color:#69727d;color:#fff}.elementor-widget-text-editor.elementor-drop-cap-view-framed .elementor-drop-cap{color:#69727d;border:3px solid;background-color:transparent}.elementor-widget-text-editor:not(.elementor-drop-cap-view-default) .elementor-drop-cap{margin-top:8px}.elementor-widget-text-editor:not(.elementor-drop-cap-view-default) .elementor-drop-cap-letter{width:1em;height:1em}.elementor-widget-text-editor .elementor-drop-cap{float:left;text-align:center;line-height:1;font-size:50px}.elementor-widget-text-editor .elementor-drop-cap-letter{display:inline-block}<\/style>\t\t\t\t<p><strong>Andrzej Dziedzina<\/strong>\u00a0<\/p>\t\t\t\t\t\t<\/div>\n\t\t\t\t<\/div>\n\t\t\t\t<div class=\"elementor-element elementor-element-d2536fd elementor-widget elementor-widget-text-editor\" data-id=\"d2536fd\" data-element_type=\"widget\" data-widget_type=\"text-editor.default\">\n\t\t\t\t<div class=\"elementor-widget-container\">\n\t\t\t\t\t\t\t<p class=\" translation-block\">A bioenergy therapist with many years of experience and a passionate explorer of the secrets of healthy, harmonious living in tune with nature.\nHis deep interest in natural healing methods and energy work has led him to create unique tools that support human health and well-being.<\/p>\t\t\t\t\t\t<\/div>\n\t\t\t\t<\/div>\n\t\t\t\t<div class=\"elementor-element elementor-element-e717bc7 elementor-widget elementor-widget-text-editor\" data-id=\"e717bc7\" data-element_type=\"widget\" data-widget_type=\"text-editor.default\">\n\t\t\t\t<div class=\"elementor-widget-container\">\n\t\t\t\t\t\t\t<p class=\" translation-block\">Andrzej Dziedzina designs and builds Bioenergetic Balancing Systems and Copper Devices enriched with natural mineral salts, GANS materials, and raw crystals.\nHe creates them to stimulate the natural, free flow of energy within the body, which leads to increased vitality, improved energetic balance, better physical and mental health, and the removal of energetic blockages that are often the root cause of various ailments.<\/p>\t\t\t\t\t\t<\/div>\n\t\t\t\t<\/div>\n\t\t\t\t<\/div>\n\t\t<div class=\"elementor-element elementor-element-ff4a8eb e-con-full e-flex e-con\" data-id=\"ff4a8eb\" data-element_type=\"container\" data-settings=\"{&quot;content_width&quot;:&quot;full&quot;}\">\n\t\t\t\t<div class=\"elementor-element elementor-element-656c5d6 elementor-widget elementor-widget-image\" data-id=\"656c5d6\" data-element_type=\"widget\" data-widget_type=\"image.default\">\n\t\t\t\t<div class=\"elementor-widget-container\">\n\t\t\t<style>\/*! elementor - v3.14.0 - 18-06-2023 *\/\n.elementor-widget-image{text-align:center}.elementor-widget-image a{display:inline-block}.elementor-widget-image a img[src$=\".svg\"]{width:48px}.elementor-widget-image img{vertical-align:middle;display:inline-block}<\/style>\t\t\t\t\t\t\t\t\t\t\t\t<img decoding=\"async\" width=\"633\" height=\"771\" src=\"https:\/\/plasmahealingcenter.com\/wp-content\/uploads\/2024\/08\/andi.jpg\" class=\"attachment-large size-large wp-image-12348\" alt=\"\" loading=\"lazy\" srcset=\"https:\/\/plasmahealingcenter.com\/wp-content\/uploads\/2024\/08\/andi.jpg 633w, https:\/\/plasmahealingcenter.com\/wp-content\/uploads\/2024\/08\/andi-246x300.jpg 246w, https:\/\/plasmahealingcenter.com\/wp-content\/uploads\/2024\/08\/andi-10x12.jpg 10w, https:\/\/plasmahealingcenter.com\/wp-content\/uploads\/2024\/08\/andi-600x731.jpg 600w\" sizes=\"(max-width: 633px) 100vw, 633px\" \/>\t\t\t\t\t\t\t\t\t\t\t\t\t\t\t<\/div>\n\t\t\t\t<\/div>\n\t\t\t\t<\/div>\n\t\t<div class=\"elementor-element elementor-element-30e0805 e-con-full e-flex e-con\" data-id=\"30e0805\" data-element_type=\"container\" data-settings=\"{&quot;content_width&quot;:&quot;full&quot;}\">\n\t\t\t\t<div class=\"elementor-element elementor-element-ed45b8a elementor-widget elementor-widget-image\" data-id=\"ed45b8a\" data-element_type=\"widget\" data-widget_type=\"image.default\">\n\t\t\t\t<div class=\"elementor-widget-container\">\n\t\t\t\t\t\t\t\t\t\t\t\t\t\t\t<img decoding=\"async\" width=\"709\" height=\"1024\" src=\"https:\/\/plasmahealingcenter.com\/wp-content\/uploads\/2024\/08\/Dyplom-BIO-709x1024.jpg\" class=\"attachment-large size-large wp-image-12311\" alt=\"\" loading=\"lazy\" srcset=\"https:\/\/plasmahealingcenter.com\/wp-content\/uploads\/2024\/08\/Dyplom-BIO-709x1024.jpg 709w, https:\/\/plasmahealingcenter.com\/wp-content\/uploads\/2024\/08\/Dyplom-BIO-208x300.jpg 208w, https:\/\/plasmahealingcenter.com\/wp-content\/uploads\/2024\/08\/Dyplom-BIO-768x1109.jpg 768w, https:\/\/plasmahealingcenter.com\/wp-content\/uploads\/2024\/08\/Dyplom-BIO-1064x1536.jpg 1064w, https:\/\/plasmahealingcenter.com\/wp-content\/uploads\/2024\/08\/Dyplom-BIO-8x12.jpg 8w, https:\/\/plasmahealingcenter.com\/wp-content\/uploads\/2024\/08\/Dyplom-BIO-600x866.jpg 600w, https:\/\/plasmahealingcenter.com\/wp-content\/uploads\/2024\/08\/Dyplom-BIO.jpg 1110w\" sizes=\"(max-width: 709px) 100vw, 709px\" \/>\t\t\t\t\t\t\t\t\t\t\t\t\t\t\t<\/div>\n\t\t\t\t<\/div>\n\t\t\t\t<\/div>\n\t\t\t\t\t<\/div>\n\t\t\t\t<\/div>\n\t\t<div class=\"elementor-element elementor-element-f7dda7d e-flex e-con-boxed e-con\" data-id=\"f7dda7d\" data-element_type=\"container\" data-settings=\"{&quot;content_width&quot;:&quot;boxed&quot;}\">\n\t\t\t\t\t<div class=\"e-con-inner\">\n\t\t<div class=\"elementor-element elementor-element-36ae300 e-flex e-con-boxed e-con\" data-id=\"36ae300\" data-element_type=\"container\" data-settings=\"{&quot;content_width&quot;:&quot;boxed&quot;}\">\n\t\t\t\t\t<div class=\"e-con-inner\">\n\t\t\t\t<div class=\"elementor-element elementor-element-f18cf51 elementor-widget elementor-widget-heading\" data-id=\"f18cf51\" data-element_type=\"widget\" data-widget_type=\"heading.default\">\n\t\t\t\t<div class=\"elementor-widget-container\">\n\t\t\t<h2 class=\"elementor-heading-title elementor-size-default\">Bioenergetic Balancing System<\/h2>\t\t<\/div>\n\t\t\t\t<\/div>\n\t\t\t\t<div class=\"elementor-element elementor-element-dde72c3 elementor-widget elementor-widget-spacer\" data-id=\"dde72c3\" data-element_type=\"widget\" data-widget_type=\"spacer.default\">\n\t\t\t\t<div class=\"elementor-widget-container\">\n\t\t\t\t\t<div class=\"elementor-spacer\">\n\t\t\t<div class=\"elementor-spacer-inner\"><\/div>\n\t\t<\/div>\n\t\t\t\t<\/div>\n\t\t\t\t<\/div>\n\t\t\t\t<div class=\"elementor-element elementor-element-545018f elementor-widget elementor-widget-text-editor\" data-id=\"545018f\" data-element_type=\"widget\" data-widget_type=\"text-editor.default\">\n\t\t\t\t<div class=\"elementor-widget-container\">\n\t\t\t\t\t\t\t<p class=\" translation-block\">The Bioenergetic Balancing System is an advanced device designed to harmonize, strengthen, and balance the human biofield.\nIts construction is based on the principles of \u201cplasma,\u201d understood as the subtle bioenergetic field surrounding all living beings.\nThe system utilizes the latest discoveries in bioenergetics and nanotechnology, drawing inspiration from the inventions of Nikola Tesla.<\/p>\t\t\t\t\t\t<\/div>\n\t\t\t\t<\/div>\n\t\t\t\t<div class=\"elementor-element elementor-element-c51aec9 elementor-widget elementor-widget-text-editor\" data-id=\"c51aec9\" data-element_type=\"widget\" data-widget_type=\"text-editor.default\">\n\t\t\t\t<div class=\"elementor-widget-container\">\n\t\t\t\t\t\t\t<p class=\" translation-block\">Every living being generates a natural bioenergetic field.\nWhen we are healthy and balanced, energy flows freely through the body.\nStress, poor diet, lack of movement, and other factors can disturb this flow.\nThe Balancing System helps restore natural equilibrium by stimulating the flow of life energy within the body.\nIt supports regeneration, well-being, deep relaxation, sleep, and meditation.<\/p>\t\t\t\t\t\t<\/div>\n\t\t\t\t<\/div>\n\t\t\t\t<div class=\"elementor-element elementor-element-2235556 elementor-widget elementor-widget-text-editor\" data-id=\"2235556\" data-element_type=\"widget\" data-widget_type=\"text-editor.default\">\n\t\t\t\t<div class=\"elementor-widget-container\">\n\t\t\t\t\t\t\t<p class=\" translation-block\">The system consists of properly configured copper coils coated with a bioenergetic nanolayer, natural crystals, GANS materials, and mineral salts, creating health-promoting, harmonizing conditions beneficial to all living organisms.<\/p><p class=\" translation-block\">The fields generated by the system influence the flow of life energy within the human body, resulting in:\n\u2013 improved well-being (supporting emotional and physical balance)\n\u2013 increased vitality\n\u2013 reduction of pain and bodily tension\n\u2013 energetic equilibrium\n\u2013 enhanced physical and mental health\n\u2013 neutralization of electrosmog (Wi-Fi, electronics, etc.)\n\u2013 removal of energetic blockages that may be the cause of various ailments.<\/p>\t\t\t\t\t\t<\/div>\n\t\t\t\t<\/div>\n\t\t\t\t\t<\/div>\n\t\t\t\t<\/div>\n\t\t\t\t\t<\/div>\n\t\t\t\t<\/div>\n\t\t\t\t\t\t\t<\/div>","protected":false},"excerpt":{"rendered":"<p>O mnie Andrzej Dziedzina\u00a0 \u00a0Bioenergoterapeuta z wieloletnim do\u015bwiadczeniem i pasjonata kt\u00f3ry od wielu lat zg\u0142\u0119bia tajniki zdrowego, harmonijnego \u017cycia w zgodzie z natur\u0105. Jego zami\u0142owanie do naturalnych metod leczenia i pracy z energi\u0105 doprowadzi\u0142o go do stworzenia wyj\u0105tkowych narz\u0119dzi, kt\u00f3re wspieraj\u0105 zdrowie i dobre samopoczucie cz\u0142owieka. Andrzej Dziedzina tworzy Bioenergetyczne Systemy Balansuj\u0105ce oraz Urz\u0105dzenia z &hellip;<\/p>\n<p class=\"read-more\"> <a class=\"\" href=\"https:\/\/plasmahealingcenter.com\/en\/o-mnie\/\"> <span class=\"screen-reader-text\">O mnie<\/span> Read More &raquo;<\/a><\/p>","protected":false},"author":1,"featured_media":0,"parent":0,"menu_order":0,"comment_status":"closed","ping_status":"closed","template":"","meta":{"site-sidebar-layout":"no-sidebar","site-content-layout":"page-builder","ast-global-header-display":"","ast-banner-title-visibility":"","ast-main-header-display":"","ast-hfb-above-header-display":"","ast-hfb-below-header-display":"","ast-hfb-mobile-header-display":"","site-post-title":"disabled","ast-breadcrumbs-content":"","ast-featured-img":"disabled","footer-sml-layout":"","theme-transparent-header-meta":"","adv-header-id-meta":"","stick-header-meta":"","header-above-stick-meta":"","header-main-stick-meta":"","header-below-stick-meta":""},"_links":{"self":[{"href":"https:\/\/plasmahealingcenter.com\/en\/wp-json\/wp\/v2\/pages\/12308"}],"collection":[{"href":"https:\/\/plasmahealingcenter.com\/en\/wp-json\/wp\/v2\/pages"}],"about":[{"href":"https:\/\/plasmahealingcenter.com\/en\/wp-json\/wp\/v2\/types\/page"}],"author":[{"embeddable":true,"href":"https:\/\/plasmahealingcenter.com\/en\/wp-json\/wp\/v2\/users\/1"}],"replies":[{"embeddable":true,"href":"https:\/\/plasmahealingcenter.com\/en\/wp-json\/wp\/v2\/comments?post=12308"}],"version-history":[{"count":70,"href":"https:\/\/plasmahealingcenter.com\/en\/wp-json\/wp\/v2\/pages\/12308\/revisions"}],"predecessor-version":[{"id":12667,"href":"https:\/\/plasmahealingcenter.com\/en\/wp-json\/wp\/v2\/pages\/12308\/revisions\/12667"}],"wp:attachment":[{"href":"https:\/\/plasmahealingcenter.com\/en\/wp-json\/wp\/v2\/media?parent=12308"}],"curies":[{"name":"wp","href":"https:\/\/api.w.org\/{rel}","templated":true}]}}